{"id":51418,"date":"2025-04-17T11:10:02","date_gmt":"2025-04-17T09:10:02","guid":{"rendered":"https:\/\/ezzy.io\/contact-us\/"},"modified":"2025-04-17T11:10:03","modified_gmt":"2025-04-17T09:10:03","slug":"contact-us","status":"publish","type":"page","link":"https:\/\/ezzy.io\/en\/contact-us\/","title":{"rendered":"Contact us"},"content":{"rendered":"\t\t<div data-elementor-type=\"wp-page\" data-elementor-id=\"51418\" class=\"elementor elementor-51418 elementor-5124\" data-elementor-post-type=\"page\">\n\t\t\t\t\t\t<section class=\"elementor-section elementor-top-section elementor-element elementor-element-54476672 elementor-section-height-min-height elementor-section-boxed elementor-section-height-default elementor-section-items-middle\" data-id=\"54476672\" data-element_type=\"section\" data-e-type=\"section\">\n\t\t\t\t\t\t<div class=\"elementor-container elementor-column-gap-default\">\n\t\t\t\t\t<div class=\"elementor-column elementor-col-100 elementor-top-column elementor-element elementor-element-10ba6b1\" data-id=\"10ba6b1\" data-element_type=\"column\" data-e-type=\"column\">\n\t\t\t<div class=\"elementor-widget-wrap elementor-element-populated\">\n\t\t\t\t\t\t<div class=\"elementor-element elementor-element-32cffac elementor-widget elementor-widget-heading\" data-id=\"32cffac\" data-element_type=\"widget\" data-e-type=\"widget\" data-widget_type=\"heading.default\">\n\t\t\t\t<div class=\"elementor-widget-container\">\n\t\t\t\t\t<h1 class=\"elementor-heading-title elementor-size-default\">Contact us<\/h1>\t\t\t\t<\/div>\n\t\t\t\t<\/div>\n\t\t\t\t<div class=\"elementor-element elementor-element-616d2b48 elementor-widget elementor-widget-text-editor\" data-id=\"616d2b48\" data-element_type=\"widget\" data-e-type=\"widget\" data-widget_type=\"text-editor.default\">\n\t\t\t\t<div class=\"elementor-widget-container\">\n\t\t\t\t\t\t\t\t\t<h3>How can we help you?<\/h3>\n<p>Many questions can be solved in advance through our online presence,<br \/>If you still can&#8217;t find an answer to your question, please contact our service team using the contact form below:<\/p>\n\t\t\t\t\t\t\t\t<\/div>\n\t\t\t\t<\/div>\n\t\t\t\t<div class=\"elementor-element elementor-element-0602888 elementor-widget elementor-widget-text-editor\" data-id=\"0602888\" data-element_type=\"widget\" data-e-type=\"widget\" data-widget_type=\"text-editor.default\">\n\t\t\t\t<div class=\"elementor-widget-container\">\n\t\t\t\t\t\t\t\t\t<script>\nvar gform;gform||(document.addEventListener(\"gform_main_scripts_loaded\",function(){gform.scriptsLoaded=!0}),document.addEventListener(\"gform\/theme\/scripts_loaded\",function(){gform.themeScriptsLoaded=!0}),window.addEventListener(\"DOMContentLoaded\",function(){gform.domLoaded=!0}),gform={domLoaded:!1,scriptsLoaded:!1,themeScriptsLoaded:!1,isFormEditor:()=>\"function\"==typeof InitializeEditor,callIfLoaded:function(o){return!(!gform.domLoaded||!gform.scriptsLoaded||!gform.themeScriptsLoaded&&!gform.isFormEditor()||(gform.isFormEditor()&&console.warn(\"The use of gform.initializeOnLoaded() is deprecated in the form editor context and will be removed in Gravity Forms 3.1.\"),o(),0))},initializeOnLoaded:function(o){gform.callIfLoaded(o)||(document.addEventListener(\"gform_main_scripts_loaded\",()=>{gform.scriptsLoaded=!0,gform.callIfLoaded(o)}),document.addEventListener(\"gform\/theme\/scripts_loaded\",()=>{gform.themeScriptsLoaded=!0,gform.callIfLoaded(o)}),window.addEventListener(\"DOMContentLoaded\",()=>{gform.domLoaded=!0,gform.callIfLoaded(o)}))},hooks:{action:{},filter:{}},addAction:function(o,r,e,t){gform.addHook(\"action\",o,r,e,t)},addFilter:function(o,r,e,t){gform.addHook(\"filter\",o,r,e,t)},doAction:function(o){gform.doHook(\"action\",o,arguments)},applyFilters:function(o){return gform.doHook(\"filter\",o,arguments)},removeAction:function(o,r){gform.removeHook(\"action\",o,r)},removeFilter:function(o,r,e){gform.removeHook(\"filter\",o,r,e)},addHook:function(o,r,e,t,n){null==gform.hooks[o][r]&&(gform.hooks[o][r]=[]);var d=gform.hooks[o][r];null==n&&(n=r+\"_\"+d.length),gform.hooks[o][r].push({tag:n,callable:e,priority:t=null==t?10:t})},doHook:function(r,o,e){var t;if(e=Array.prototype.slice.call(e,1),null!=gform.hooks[r][o]&&((o=gform.hooks[r][o]).sort(function(o,r){return o.priority-r.priority}),o.forEach(function(o){\"function\"!=typeof(t=o.callable)&&(t=window[t]),\"action\"==r?t.apply(null,e):e[0]=t.apply(null,e)})),\"filter\"==r)return e[0]},removeHook:function(o,r,t,n){var e;null!=gform.hooks[o][r]&&(e=(e=gform.hooks[o][r]).filter(function(o,r,e){return!!(null!=n&&n!=o.tag||null!=t&&t!=o.priority)}),gform.hooks[o][r]=e)}});\n<\/script>\n\n                <div class='gf_browser_gecko gform_wrapper gform_legacy_markup_wrapper gform-theme--no-framework' data-form-theme='legacy' data-form-index='0' id='gform_wrapper_1' >\n                        <div class='gform_heading'>\n                            <p class='gform_description'><\/p>\n                        <\/div><form method='post' enctype='multipart\/form-data'  id='gform_1'  action='\/en\/wp-json\/wp\/v2\/pages\/51418' data-formid='1' novalidate>\n                        <div class='gform-body gform_body'><ul id='gform_fields_1' class='gform_fields top_label form_sublabel_below description_below validation_below'><li id=\"field_1_1\" class=\"gfield gfield--type-name gfield--input-type-name gfield_contains_required field_sublabel_hidden_label gfield--no-description field_description_below field_validation_below gfield_visibility_visible\"  ><label class='gfield_label gform-field-label gfield_label_before_complex' >Name<span class=\"gfield_required\"><span class=\"gfield_required gfield_required_asterisk\">*<\/span><\/span><\/label><div class='ginput_complex ginput_container ginput_container--name no_prefix has_first_name no_middle_name no_last_name no_suffix gf_name_has_1 ginput_container_name gform-grid-row' id='input_1_1'>\n                            \n                            <span id='input_1_1_3_container' class='name_first gform-grid-col gform-grid-col--size-auto' >\n                                                    <input type='text' name='input_1.3' id='input_1_1_3' value=''   aria-required='true'     \/>\n                                                    <label for='input_1_1_3' class='gform-field-label gform-field-label--type-sub hidden_sub_label screen-reader-text'>First<\/label>\n                                                <\/span>\n                            \n                            \n                            \n                        <\/div><\/li><li id=\"field_1_3\" class=\"gfield gfield--type-email gfield--input-type-email gfield_contains_required field_sublabel_below gfield--no-description field_description_below field_validation_below gfield_visibility_visible\"  ><label class='gfield_label gform-field-label gfield_label_before_complex' >E-Mail<span class=\"gfield_required\"><span class=\"gfield_required gfield_required_asterisk\">*<\/span><\/span><\/label><div class='ginput_complex ginput_container ginput_container_email gform-grid-row' id='input_1_3_container'>\n                                <span id='input_1_3_1_container' class='ginput_left gform-grid-col gform-grid-col--size-auto'>\n                                    <input class='' type='email' name='input_3' id='input_1_3' value=''    aria-required=\"true\" aria-invalid=\"false\"  \/>\n                                    <label for='input_1_3' class='gform-field-label gform-field-label--type-sub '>Enter Email<\/label>\n                                <\/span>\n                                <span id='input_1_3_2_container' class='ginput_right gform-grid-col gform-grid-col--size-auto'>\n                                    <input class='' type='email' name='input_3_2' id='input_1_3_2' value=''    aria-required=\"true\" aria-invalid=\"false\"  \/>\n                                    <label for='input_1_3_2' class='gform-field-label gform-field-label--type-sub '>Confirm Email<\/label>\n                                <\/span>\n                                <div class='gf_clear gf_clear_complex'><\/div>\n                            <\/div><\/li><li id=\"field_1_6\" class=\"gfield gfield--type-textarea gfield--input-type-textarea gfield--width-full gfield_contains_required field_sublabel_below gfield--no-description field_description_below field_validation_below gfield_visibility_visible\"  ><label class='gfield_label gform-field-label' for='input_1_6'>Deine Nachricht<span class=\"gfield_required\"><span class=\"gfield_required gfield_required_asterisk\">*<\/span><\/span><\/label><div class='ginput_container ginput_container_textarea'><textarea name='input_6' id='input_1_6' class='textarea medium'     aria-required=\"true\" aria-invalid=\"false\"   rows='10' cols='50'><\/textarea><\/div><\/li><li id=\"field_1_5\" class=\"gfield gfield--type-consent gfield--type-choice gfield--input-type-consent gfield_contains_required field_sublabel_below gfield--has-description field_description_below field_validation_below gfield_visibility_visible\"  ><label class='gfield_label gform-field-label gfield_label_before_complex' >Datenschutz<span class=\"gfield_required\"><span class=\"gfield_required gfield_required_asterisk\">*<\/span><\/span><\/label><div class='ginput_container ginput_container_consent'><input name='input_5.1' id='input_1_5_1' type='checkbox' value='1'  aria-describedby=\"gfield_consent_description_1_5\" aria-required=\"true\" aria-invalid=\"false\"   \/> <label class=\"gform-field-label gform-field-label--type-inline gfield_consent_label\" for='input_1_5_1' >Ich stimme der Datenschutzerkl\u00e4rung zu.<\/label><input type='hidden' name='input_5.2' value='Ich stimme der Datenschutzerkl\u00e4rung zu.' class='gform_hidden' \/><input type='hidden' name='input_5.3' value='8' class='gform_hidden' \/><\/div><div class='gfield_description gfield_consent_description' id='gfield_consent_description_1_5' tabindex='0'>Durch Ausf\u00fcllen und Absenden des Online-Formulars erkl\u00e4rst du dich damit einverstanden, dass wir deine durch das Formular \u00fcbermittelten personenbezogenen Daten zum Zwecke der Bearbeitung deines Anliegens und ggf. R\u00fcckmeldung an dich speichern und verarbeiten d\u00fcrfen. Eine Weitergabe der Daten an Dritte erfolgt nicht. Deine Einwilligung kannst du jederzeit gerne per Telefon, Fax oder E-Mail an support@ezzy.io widerrufen.<\/div><\/li><li id=\"field_1_7\" class=\"gfield gfield--type-captcha gfield--input-type-captcha gfield--width-full field_sublabel_below gfield--no-description field_description_below field_validation_below gfield_visibility_visible\"  ><label class='gfield_label gform-field-label' for='input_1_7'>CAPTCHA<\/label><div id='input_1_7' class='ginput_container ginput_recaptcha' data-sitekey='6Lft0LcUAAAAAPk2ZQbFjFzLwPMQ41cYaOCiS4nc'  data-theme='light' data-tabindex='0'  data-badge=''><\/div><\/li><\/ul><\/div>\n        <div class='gform-footer gform_footer top_label'> <input type='submit' id='gform_submit_button_1' class='gform_button button' onclick='gform.submission.handleButtonClick(this);' data-submission-type='submit' value='Absenden'  \/> \n            <input type='hidden' class='gform_hidden' name='gform_submission_method' data-js='gform_submission_method_1' value='postback' \/>\n            <input type='hidden' class='gform_hidden' name='gform_theme' data-js='gform_theme_1' id='gform_theme_1' value='legacy' \/>\n            <input type='hidden' class='gform_hidden' name='gform_style_settings' data-js='gform_style_settings_1' id='gform_style_settings_1' value='[]' \/>\n            <input type='hidden' class='gform_hidden' name='is_submit_1' value='1' \/>\n            <input type='hidden' class='gform_hidden' name='gform_submit' value='1' \/>\n            \n            <input type='hidden' class='gform_hidden' name='gform_currency' data-currency='USD' value='SqSPkn9RcSnfoI3ezvWD8N1D1SZ2sFtqykotiFFM89rEspfc4dYN9vIRNvDCnwxzFwJ\/J\/vy+Wt16qOlLI8kz1z9qhbubpscAyIaSXcceowODG0=' \/>\n            <input type='hidden' class='gform_hidden' name='gform_unique_id' value='' \/>\n            <input type='hidden' class='gform_hidden' name='state_1' value='WyJ7XCI1LjFcIjpcIjUzNjZmN2ZiMTkwZTIzNTNiMDFjYWU3MjUyMDc5ZWVlXCIsXCI1LjJcIjpcIjA4MWEwZjEwZjM0NDFhZjliYWI4MDllMjg2ZDQ5YTc5XCIsXCI1LjNcIjpcIjQ0YzU3ZjRmNmYwNTc1ZWJjYjczZWY2N2M3ZDRhNjFhXCJ9IiwiMjhmNjEwNDVmODljYTNlY2Q1YzY3ZDhmYWUyNGFkZjIiXQ==' \/>\n            <input type='hidden' autocomplete='off' class='gform_hidden' name='gform_target_page_number_1' id='gform_target_page_number_1' value='0' \/>\n            <input type='hidden' autocomplete='off' class='gform_hidden' name='gform_source_page_number_1' id='gform_source_page_number_1' value='1' \/>\n            <input type='hidden' name='gform_field_values' value='' \/>\n            \n        <\/div>\n                        <\/form>\n                        <\/div><script>\ngform.initializeOnLoaded( function() {gformInitSpinner( 1, 'https:\/\/ezzy.io\/wp-content\/plugins\/gravityforms\/images\/spinner.svg', true );jQuery('#gform_ajax_frame_1').on('load',function(){var contents = jQuery(this).contents().find('*').html();var is_postback = contents.indexOf('GF_AJAX_POSTBACK') >= 0;if(!is_postback){return;}var form_content = jQuery(this).contents().find('#gform_wrapper_1');var is_confirmation = jQuery(this).contents().find('#gform_confirmation_wrapper_1').length > 0;var is_redirect = contents.indexOf('gformRedirect(){') >= 0;var is_form = form_content.length > 0 && ! is_redirect && ! is_confirmation;var mt = parseInt(jQuery('html').css('margin-top'), 10) + parseInt(jQuery('body').css('margin-top'), 10) + 100;if(is_form){jQuery('#gform_wrapper_1').html(form_content.html());if(form_content.hasClass('gform_validation_error')){jQuery('#gform_wrapper_1').addClass('gform_validation_error');} else {jQuery('#gform_wrapper_1').removeClass('gform_validation_error');}setTimeout( function() { \/* delay the scroll by 50 milliseconds to fix a bug in chrome *\/  }, 50 );if(window['gformInitDatepicker']) {gformInitDatepicker();}if(window['gformInitPriceFields']) {gformInitPriceFields();}var current_page = jQuery('#gform_source_page_number_1').val();gformInitSpinner( 1, 'https:\/\/ezzy.io\/wp-content\/plugins\/gravityforms\/images\/spinner.svg', true );jQuery(document).trigger('gform_page_loaded', [1, current_page]);window['gf_submitting_1'] = false;}else if(!is_redirect){var confirmation_content = jQuery(this).contents().find('.GF_AJAX_POSTBACK').html();if(!confirmation_content){confirmation_content = contents;}jQuery('#gform_wrapper_1').replaceWith(confirmation_content);jQuery(document).trigger('gform_confirmation_loaded', [1]);window['gf_submitting_1'] = false;wp.a11y.speak(jQuery('#gform_confirmation_message_1').text());}else{jQuery('#gform_1').append(contents);if(window['gformRedirect']) {gformRedirect();}}jQuery(document).trigger(\"gform_pre_post_render\", [{ formId: \"1\", currentPage: \"current_page\", abort: function() { this.preventDefault(); } }]);        if (event && event.defaultPrevented) {                return;        }        const gformWrapperDiv = document.getElementById( \"gform_wrapper_1\" );        if ( gformWrapperDiv ) {            const visibilitySpan = document.createElement( \"span\" );            visibilitySpan.id = \"gform_visibility_test_1\";            gformWrapperDiv.insertAdjacentElement( \"afterend\", visibilitySpan );        }        const visibilityTestDiv = document.getElementById( \"gform_visibility_test_1\" );        let postRenderFired = false;        function triggerPostRender() {            if ( postRenderFired ) {                return;            }            postRenderFired = true;            gform.core.triggerPostRenderEvents( 1, current_page );            if ( visibilityTestDiv ) {                visibilityTestDiv.parentNode.removeChild( visibilityTestDiv );            }        }        function debounce( func, wait, immediate ) {            var timeout;            return function() {                var context = this, args = arguments;                var later = function() {                    timeout = null;                    if ( !immediate ) func.apply( context, args );                };                var callNow = immediate && !timeout;                clearTimeout( timeout );                timeout = setTimeout( later, wait );                if ( callNow ) func.apply( context, args );            };        }        const debouncedTriggerPostRender = debounce( function() {            triggerPostRender();        }, 200 );        if ( visibilityTestDiv && visibilityTestDiv.offsetParent === null ) {            const observer = new MutationObserver( ( mutations ) => {                mutations.forEach( ( mutation ) => {                    if ( mutation.type === 'attributes' && visibilityTestDiv.offsetParent !== null ) {                        debouncedTriggerPostRender();                        observer.disconnect();                    }                });            });            observer.observe( document.body, {                attributes: true,                childList: false,                subtree: true,                attributeFilter: [ 'style', 'class' ],            });        } else {            triggerPostRender();        }    } );} );\n<\/script>\n\n\t\t\t\t\t\t\t\t<\/div>\n\t\t\t\t<\/div>\n\t\t\t\t\t<\/div>\n\t\t<\/div>\n\t\t\t\t\t<\/div>\n\t\t<\/section>\n\t\t\t\t<\/div>\n\t\t","protected":false},"excerpt":{"rendered":"<p>Contact us How can we help you? Many questions can be solved in advance through our online presence,If you still can&#8217;t find an answer to your question, please contact our service team using the contact form below:<\/p>\n","protected":false},"author":3,"featured_media":0,"parent":0,"menu_order":0,"comment_status":"closed","ping_status":"closed","template":"elementor_header_footer","meta":{"_monsterinsights_skip_tracking":false,"_monsterinsights_sitenote_active":false,"_monsterinsights_sitenote_note":"","_monsterinsights_sitenote_category":0,"footnotes":""},"categories":[],"tags":[],"class_list":["post-51418","page","type-page","status-publish","hentry"],"yoast_head":"<!-- This site is optimized with the Yoast SEO Premium plugin v27.4 (Yoast SEO v27.4) - https:\/\/yoast.com\/product\/yoast-seo-premium-wordpress\/ -->\n<title>Contact us - ezzy<\/title>\n<meta name=\"description\" content=\"Contact us if you have any questions about options trading, feedback or other requests. We look forward to your inquiry!\" \/>\n<meta name=\"robots\" content=\"index, follow, max-snippet:-1, max-image-preview:large, max-video-preview:-1\" \/>\n<link rel=\"canonical\" href=\"https:\/\/ezzy.io\/kontakt\/\" \/>\n<meta property=\"og:locale\" content=\"en_US\" \/>\n<meta property=\"og:type\" content=\"article\" \/>\n<meta property=\"og:title\" content=\"Contact us\" \/>\n<meta property=\"og:description\" content=\"Contact us if you have any questions about options trading, feedback or other requests. We look forward to your inquiry!\" \/>\n<meta property=\"og:url\" content=\"https:\/\/ezzy.io\/kontakt\/\" \/>\n<meta property=\"og:site_name\" content=\"ezzy\" \/>\n<meta property=\"article:publisher\" content=\"https:\/\/www.facebook.com\/profile.php?id=61575988409737\" \/>\n<meta property=\"article:modified_time\" content=\"2025-04-17T09:10:03+00:00\" \/>\n<meta name=\"twitter:card\" content=\"summary_large_image\" \/>\n<meta name=\"twitter:site\" content=\"@ezzy_io\" \/>\n<script type=\"application\/ld+json\" class=\"yoast-schema-graph\">{\"@context\":\"https:\\\/\\\/schema.org\",\"@graph\":[{\"@type\":\"WebPage\",\"@id\":\"https:\\\/\\\/ezzy.io\\\/kontakt\\\/\",\"url\":\"https:\\\/\\\/ezzy.io\\\/kontakt\\\/\",\"name\":\"Contact us - ezzy\",\"isPartOf\":{\"@id\":\"https:\\\/\\\/ezzy.io\\\/#website\"},\"datePublished\":\"2025-04-17T09:10:02+00:00\",\"dateModified\":\"2025-04-17T09:10:03+00:00\",\"description\":\"Contact us if you have any questions about options trading, feedback or other requests. We look forward to your inquiry!\",\"breadcrumb\":{\"@id\":\"https:\\\/\\\/ezzy.io\\\/kontakt\\\/#breadcrumb\"},\"inLanguage\":\"en-US\",\"potentialAction\":[{\"@type\":\"ReadAction\",\"target\":[\"https:\\\/\\\/ezzy.io\\\/kontakt\\\/\"]}]},{\"@type\":\"BreadcrumbList\",\"@id\":\"https:\\\/\\\/ezzy.io\\\/kontakt\\\/#breadcrumb\",\"itemListElement\":[{\"@type\":\"ListItem\",\"position\":1,\"name\":\"ezzy\",\"item\":\"https:\\\/\\\/ezzy.io\\\/\"},{\"@type\":\"ListItem\",\"position\":2,\"name\":\"Contact us\"}]},{\"@type\":\"WebSite\",\"@id\":\"https:\\\/\\\/ezzy.io\\\/#website\",\"url\":\"https:\\\/\\\/ezzy.io\\\/\",\"name\":\"ezzy.io\",\"description\":\"B\u00f6rseneinkommen leicht gemacht!\",\"publisher\":{\"@id\":\"https:\\\/\\\/ezzy.io\\\/#organization\"},\"potentialAction\":[{\"@type\":\"SearchAction\",\"target\":{\"@type\":\"EntryPoint\",\"urlTemplate\":\"https:\\\/\\\/ezzy.io\\\/?s={search_term_string}\"},\"query-input\":{\"@type\":\"PropertyValueSpecification\",\"valueRequired\":true,\"valueName\":\"search_term_string\"}}],\"inLanguage\":\"en-US\"},{\"@type\":\"Organization\",\"@id\":\"https:\\\/\\\/ezzy.io\\\/#organization\",\"name\":\"ezzy AG\",\"alternateName\":\"ezzy AG\",\"url\":\"https:\\\/\\\/ezzy.io\\\/\",\"logo\":{\"@type\":\"ImageObject\",\"inLanguage\":\"en-US\",\"@id\":\"https:\\\/\\\/ezzy.io\\\/#\\\/schema\\\/logo\\\/image\\\/\",\"url\":\"https:\\\/\\\/ezzy.io\\\/wp-content\\\/uploads\\\/2022\\\/12\\\/cropped-ezzy-Logo.png\",\"contentUrl\":\"https:\\\/\\\/ezzy.io\\\/wp-content\\\/uploads\\\/2022\\\/12\\\/cropped-ezzy-Logo.png\",\"width\":1726,\"height\":638,\"caption\":\"ezzy AG\"},\"image\":{\"@id\":\"https:\\\/\\\/ezzy.io\\\/#\\\/schema\\\/logo\\\/image\\\/\"},\"sameAs\":[\"https:\\\/\\\/www.facebook.com\\\/profile.php?id=61575988409737\",\"https:\\\/\\\/x.com\\\/ezzy_io\",\"https:\\\/\\\/www.youtube.com\\\/@ezzy-io\"],\"description\":\"ezzy.io ist eine spezialisierte Plattform, die sich darauf fokussiert, B\u00f6rseneinkommen f\u00fcr Privatanleger und Optionen-H\u00e4ndler einfach, transparent und schnell zug\u00e4nglich zu machen. ezzy.io macht B\u00f6rseneinkommen leicht verst\u00e4ndlich und sofort umsetzbar. Mit ezzy ist jetzt m\u00f6glich innerhalb von Sekunden, die passenden Aktien und Optionen f\u00fcr den pers\u00f6nlichen Cashflow zu finden \u2013 f\u00fcr Einsteiger bis zu erfahrenen H\u00e4ndlern.\"}]}<\/script>\n<!-- \/ Yoast SEO Premium plugin. -->","yoast_head_json":{"title":"Contact us - ezzy","description":"Contact us if you have any questions about options trading, feedback or other requests. We look forward to your inquiry!","robots":{"index":"index","follow":"follow","max-snippet":"max-snippet:-1","max-image-preview":"max-image-preview:large","max-video-preview":"max-video-preview:-1"},"canonical":"https:\/\/ezzy.io\/kontakt\/","og_locale":"en_US","og_type":"article","og_title":"Contact us","og_description":"Contact us if you have any questions about options trading, feedback or other requests. We look forward to your inquiry!","og_url":"https:\/\/ezzy.io\/kontakt\/","og_site_name":"ezzy","article_publisher":"https:\/\/www.facebook.com\/profile.php?id=61575988409737","article_modified_time":"2025-04-17T09:10:03+00:00","twitter_card":"summary_large_image","twitter_site":"@ezzy_io","schema":{"@context":"https:\/\/schema.org","@graph":[{"@type":"WebPage","@id":"https:\/\/ezzy.io\/kontakt\/","url":"https:\/\/ezzy.io\/kontakt\/","name":"Contact us - ezzy","isPartOf":{"@id":"https:\/\/ezzy.io\/#website"},"datePublished":"2025-04-17T09:10:02+00:00","dateModified":"2025-04-17T09:10:03+00:00","description":"Contact us if you have any questions about options trading, feedback or other requests. We look forward to your inquiry!","breadcrumb":{"@id":"https:\/\/ezzy.io\/kontakt\/#breadcrumb"},"inLanguage":"en-US","potentialAction":[{"@type":"ReadAction","target":["https:\/\/ezzy.io\/kontakt\/"]}]},{"@type":"BreadcrumbList","@id":"https:\/\/ezzy.io\/kontakt\/#breadcrumb","itemListElement":[{"@type":"ListItem","position":1,"name":"ezzy","item":"https:\/\/ezzy.io\/"},{"@type":"ListItem","position":2,"name":"Contact us"}]},{"@type":"WebSite","@id":"https:\/\/ezzy.io\/#website","url":"https:\/\/ezzy.io\/","name":"ezzy.io","description":"B\u00f6rseneinkommen leicht gemacht!","publisher":{"@id":"https:\/\/ezzy.io\/#organization"},"potentialAction":[{"@type":"SearchAction","target":{"@type":"EntryPoint","urlTemplate":"https:\/\/ezzy.io\/?s={search_term_string}"},"query-input":{"@type":"PropertyValueSpecification","valueRequired":true,"valueName":"search_term_string"}}],"inLanguage":"en-US"},{"@type":"Organization","@id":"https:\/\/ezzy.io\/#organization","name":"ezzy AG","alternateName":"ezzy AG","url":"https:\/\/ezzy.io\/","logo":{"@type":"ImageObject","inLanguage":"en-US","@id":"https:\/\/ezzy.io\/#\/schema\/logo\/image\/","url":"https:\/\/ezzy.io\/wp-content\/uploads\/2022\/12\/cropped-ezzy-Logo.png","contentUrl":"https:\/\/ezzy.io\/wp-content\/uploads\/2022\/12\/cropped-ezzy-Logo.png","width":1726,"height":638,"caption":"ezzy AG"},"image":{"@id":"https:\/\/ezzy.io\/#\/schema\/logo\/image\/"},"sameAs":["https:\/\/www.facebook.com\/profile.php?id=61575988409737","https:\/\/x.com\/ezzy_io","https:\/\/www.youtube.com\/@ezzy-io"],"description":"ezzy.io ist eine spezialisierte Plattform, die sich darauf fokussiert, B\u00f6rseneinkommen f\u00fcr Privatanleger und Optionen-H\u00e4ndler einfach, transparent und schnell zug\u00e4nglich zu machen. ezzy.io macht B\u00f6rseneinkommen leicht verst\u00e4ndlich und sofort umsetzbar. Mit ezzy ist jetzt m\u00f6glich innerhalb von Sekunden, die passenden Aktien und Optionen f\u00fcr den pers\u00f6nlichen Cashflow zu finden \u2013 f\u00fcr Einsteiger bis zu erfahrenen H\u00e4ndlern."}]}},"_links":{"self":[{"href":"https:\/\/ezzy.io\/en\/wp-json\/wp\/v2\/pages\/51418","targetHints":{"allow":["GET"]}}],"collection":[{"href":"https:\/\/ezzy.io\/en\/wp-json\/wp\/v2\/pages"}],"about":[{"href":"https:\/\/ezzy.io\/en\/wp-json\/wp\/v2\/types\/page"}],"author":[{"embeddable":true,"href":"https:\/\/ezzy.io\/en\/wp-json\/wp\/v2\/users\/3"}],"replies":[{"embeddable":true,"href":"https:\/\/ezzy.io\/en\/wp-json\/wp\/v2\/comments?post=51418"}],"version-history":[{"count":1,"href":"https:\/\/ezzy.io\/en\/wp-json\/wp\/v2\/pages\/51418\/revisions"}],"predecessor-version":[{"id":51419,"href":"https:\/\/ezzy.io\/en\/wp-json\/wp\/v2\/pages\/51418\/revisions\/51419"}],"wp:attachment":[{"href":"https:\/\/ezzy.io\/en\/wp-json\/wp\/v2\/media?parent=51418"}],"wp:term":[{"taxonomy":"category","embeddable":true,"href":"https:\/\/ezzy.io\/en\/wp-json\/wp\/v2\/categories?post=51418"},{"taxonomy":"post_tag","embeddable":true,"href":"https:\/\/ezzy.io\/en\/wp-json\/wp\/v2\/tags?post=51418"}],"curies":[{"name":"wp","href":"https:\/\/api.w.org\/{rel}","templated":true}]}}