{"id":51420,"date":"2025-04-17T11:19:59","date_gmt":"2025-04-17T09:19:59","guid":{"rendered":"https:\/\/ezzy.io\/about-us\/"},"modified":"2025-04-17T11:20:00","modified_gmt":"2025-04-17T09:20:00","slug":"about-us","status":"publish","type":"page","link":"https:\/\/ezzy.io\/en\/about-us\/","title":{"rendered":"About us"},"content":{"rendered":"\t\t<div data-elementor-type=\"wp-page\" data-elementor-id=\"51420\" class=\"elementor elementor-51420 elementor-24750\" data-elementor-post-type=\"page\">\n\t\t\t\t\t\t<section class=\"elementor-section elementor-top-section elementor-element elementor-element-6c442d0 elementor-section-boxed elementor-section-height-default elementor-section-height-default\" data-id=\"6c442d0\" data-element_type=\"section\" data-e-type=\"section\" data-settings=\"{&quot;background_background&quot;:&quot;classic&quot;}\">\n\t\t\t\t\t\t<div class=\"elementor-container elementor-column-gap-default\">\n\t\t\t\t\t<div class=\"elementor-column elementor-col-100 elementor-top-column elementor-element elementor-element-edaa239\" data-id=\"edaa239\" data-element_type=\"column\" data-e-type=\"column\">\n\t\t\t<div class=\"elementor-widget-wrap elementor-element-populated\">\n\t\t\t\t\t\t<div class=\"elementor-element elementor-element-3730396 elementor-widget elementor-widget-heading\" data-id=\"3730396\" data-element_type=\"widget\" data-e-type=\"widget\" data-widget_type=\"heading.default\">\n\t\t\t\t<div class=\"elementor-widget-container\">\n\t\t\t\t\t<h1 class=\"elementor-heading-title elementor-size-default\">About us<\/h1>\t\t\t\t<\/div>\n\t\t\t\t<\/div>\n\t\t\t\t<div class=\"elementor-element elementor-element-b05d2ad elementor-widget elementor-widget-text-editor\" data-id=\"b05d2ad\" data-element_type=\"widget\" data-e-type=\"widget\" data-widget_type=\"text-editor.default\">\n\t\t\t\t<div class=\"elementor-widget-container\">\n\t\t\t\t\t\t\t\t\t<p>ezzy is not a website that promises to give you instructions on how to get rich quick. We are also not your next coaching program that you are supposed to complete in order to be successful. We are a team of interested and longtime options traders who see that there is a need to make options accessible to the masses.<\/p>\n<p>Our team has managed to generate income in the stock market in the past &#8211; independently of each other &#8211; each with a slightly different strategy, but all with options trading. We also all have something else in common: we are regularly asked by those around us how we do it, and why they have never heard of these simple income generation strategies.<\/p>\n<p>We work on tools by options traders for options traders and those who don&#8217;t yet know that they want to trade options tomorrow.<\/p>\n\t\t\t\t\t\t\t\t<\/div>\n\t\t\t\t<\/div>\n\t\t\t\t<div class=\"elementor-element elementor-element-795654d elementor-widget elementor-widget-heading\" data-id=\"795654d\" data-element_type=\"widget\" data-e-type=\"widget\" data-widget_type=\"heading.default\">\n\t\t\t\t<div class=\"elementor-widget-container\">\n\t\t\t\t\t<h2 class=\"elementor-heading-title elementor-size-default\">team<\/h2>\t\t\t\t<\/div>\n\t\t\t\t<\/div>\n\t\t\t\t<section class=\"elementor-section elementor-inner-section elementor-element elementor-element-29096b9 elementor-section-boxed elementor-section-height-default elementor-section-height-default\" data-id=\"29096b9\" data-element_type=\"section\" data-e-type=\"section\" data-settings=\"{&quot;background_background&quot;:&quot;classic&quot;}\">\n\t\t\t\t\t\t<div class=\"elementor-container elementor-column-gap-default\">\n\t\t\t\t\t<div class=\"elementor-column elementor-col-50 elementor-inner-column elementor-element elementor-element-a97f0ae\" data-id=\"a97f0ae\" data-element_type=\"column\" data-e-type=\"column\">\n\t\t\t<div class=\"elementor-widget-wrap elementor-element-populated\">\n\t\t\t\t\t\t<div class=\"elementor-element elementor-element-c2879f6 elementor-widget elementor-widget-image\" data-id=\"c2879f6\" data-element_type=\"widget\" data-e-type=\"widget\" data-widget_type=\"image.default\">\n\t\t\t\t<div class=\"elementor-widget-container\">\n\t\t\t\t\t\t\t\t\t\t\t\t\t\t\t<img fetchpriority=\"high\" decoding=\"async\" width=\"496\" height=\"500\" src=\"https:\/\/ezzy.io\/wp-content\/uploads\/2024\/07\/1676909620128-removebg-preview-e1721130072187.png\" class=\"attachment-large size-large wp-image-51422\" alt=\"\" srcset=\"https:\/\/ezzy.io\/wp-content\/uploads\/2024\/07\/1676909620128-removebg-preview-e1721130072187.png 496w, https:\/\/ezzy.io\/wp-content\/uploads\/2024\/07\/1676909620128-removebg-preview-e1721130072187-298x300.png 298w, https:\/\/ezzy.io\/wp-content\/uploads\/2024\/07\/1676909620128-removebg-preview-e1721130072187-150x150.png 150w\" sizes=\"(max-width: 496px) 100vw, 496px\" \/>\t\t\t\t\t\t\t\t\t\t\t\t\t\t\t<\/div>\n\t\t\t\t<\/div>\n\t\t\t\t<div class=\"elementor-element elementor-element-9c6f218 elementor-widget elementor-widget-heading\" data-id=\"9c6f218\" data-element_type=\"widget\" data-e-type=\"widget\" data-widget_type=\"heading.default\">\n\t\t\t\t<div class=\"elementor-widget-container\">\n\t\t\t\t\t<h2 class=\"elementor-heading-title elementor-size-default\">Christopher<\/h2>\t\t\t\t<\/div>\n\t\t\t\t<\/div>\n\t\t\t\t\t<\/div>\n\t\t<\/div>\n\t\t\t\t<div class=\"elementor-column elementor-col-50 elementor-inner-column elementor-element elementor-element-cb3d39d\" data-id=\"cb3d39d\" data-element_type=\"column\" data-e-type=\"column\">\n\t\t\t<div class=\"elementor-widget-wrap elementor-element-populated\">\n\t\t\t\t\t\t<div class=\"elementor-element elementor-element-102933e elementor-widget elementor-widget-text-editor\" data-id=\"102933e\" data-element_type=\"widget\" data-e-type=\"widget\" data-widget_type=\"text-editor.default\">\n\t\t\t\t<div class=\"elementor-widget-container\">\n\t\t\t\t\t\t\t\t\tChristopher began his professional life as an engineer, but quickly realized that he was so interested in the stock market and options trading in particular that he soon set up his own business. After training to become a certified derivatives trader, he worked as a consultant for various companies specifically on the subject of options trading. Christopher has been trading options regularly and successfully since 2012.<br><br>With ezzy, he wants to make options trading as accessible as possible for everyone. He believes that less is more and that the simplest strategies are often more likely to lead to the desired success.\t\t\t\t\t\t\t\t<\/div>\n\t\t\t\t<\/div>\n\t\t\t\t\t<\/div>\n\t\t<\/div>\n\t\t\t\t\t<\/div>\n\t\t<\/section>\n\t\t\t\t<section class=\"elementor-section elementor-inner-section elementor-element elementor-element-7cef58c elementor-section-boxed elementor-section-height-default elementor-section-height-default\" data-id=\"7cef58c\" data-element_type=\"section\" data-e-type=\"section\" data-settings=\"{&quot;background_background&quot;:&quot;classic&quot;}\">\n\t\t\t\t\t\t<div class=\"elementor-container elementor-column-gap-default\">\n\t\t\t\t\t<div class=\"elementor-column elementor-col-50 elementor-inner-column elementor-element elementor-element-91ffb09\" data-id=\"91ffb09\" data-element_type=\"column\" data-e-type=\"column\">\n\t\t\t<div class=\"elementor-widget-wrap elementor-element-populated\">\n\t\t\t\t\t\t<div class=\"elementor-element elementor-element-f132f03 elementor-widget elementor-widget-image\" data-id=\"f132f03\" data-element_type=\"widget\" data-e-type=\"widget\" data-widget_type=\"image.default\">\n\t\t\t\t<div class=\"elementor-widget-container\">\n\t\t\t\t\t\t\t\t\t\t\t\t\t\t\t<img decoding=\"async\" width=\"408\" height=\"488\" src=\"https:\/\/ezzy.io\/wp-content\/uploads\/2024\/07\/L9A7889_sw-removebg-preview-e1721135816747.png\" class=\"attachment-large size-large wp-image-51423\" alt=\"\" srcset=\"https:\/\/ezzy.io\/wp-content\/uploads\/2024\/07\/L9A7889_sw-removebg-preview-e1721135816747.png 408w, https:\/\/ezzy.io\/wp-content\/uploads\/2024\/07\/L9A7889_sw-removebg-preview-e1721135816747-251x300.png 251w\" sizes=\"(max-width: 408px) 100vw, 408px\" \/>\t\t\t\t\t\t\t\t\t\t\t\t\t\t\t<\/div>\n\t\t\t\t<\/div>\n\t\t\t\t<div class=\"elementor-element elementor-element-9e993d6 elementor-widget elementor-widget-heading\" data-id=\"9e993d6\" data-element_type=\"widget\" data-e-type=\"widget\" data-widget_type=\"heading.default\">\n\t\t\t\t<div class=\"elementor-widget-container\">\n\t\t\t\t\t<h2 class=\"elementor-heading-title elementor-size-default\">David<\/h2>\t\t\t\t<\/div>\n\t\t\t\t<\/div>\n\t\t\t\t\t<\/div>\n\t\t<\/div>\n\t\t\t\t<div class=\"elementor-column elementor-col-50 elementor-inner-column elementor-element elementor-element-2c0ed69\" data-id=\"2c0ed69\" data-element_type=\"column\" data-e-type=\"column\">\n\t\t\t<div class=\"elementor-widget-wrap elementor-element-populated\">\n\t\t\t\t\t\t<div class=\"elementor-element elementor-element-6696d77 elementor-widget elementor-widget-text-editor\" data-id=\"6696d77\" data-element_type=\"widget\" data-e-type=\"widget\" data-widget_type=\"text-editor.default\">\n\t\t\t\t<div class=\"elementor-widget-container\">\n\t\t\t\t\t\t\t\t\t<p>David completed his studies in business administration (specializing in banking) in 2002 and began his professional career as an investment advisor. After further training as a Certified International Investment Analyst (CIIA), he gained several years of experience in investment research at LBBW in Stuttgart. His work focused on technical, fundamental and sentiment analysis of the US equity market.<\/p>\n<p>David has been involved in various aspects of technical analysis since the late 1990s, develops and trades rule-based investment strategies and has been a regular contributor to TRADERS magazine for over 10 years. At ezzy, he contributes his expertise to product development and is responsible for content.<\/p>\n\t\t\t\t\t\t\t\t<\/div>\n\t\t\t\t<\/div>\n\t\t\t\t\t<\/div>\n\t\t<\/div>\n\t\t\t\t\t<\/div>\n\t\t<\/section>\n\t\t\t\t<section class=\"elementor-section elementor-inner-section elementor-element elementor-element-e1ae1ee elementor-section-boxed elementor-section-height-default elementor-section-height-default\" data-id=\"e1ae1ee\" data-element_type=\"section\" data-e-type=\"section\" data-settings=\"{&quot;background_background&quot;:&quot;classic&quot;}\">\n\t\t\t\t\t\t<div class=\"elementor-container elementor-column-gap-default\">\n\t\t\t\t\t<div class=\"elementor-column elementor-col-50 elementor-inner-column elementor-element elementor-element-e8a2c31\" data-id=\"e8a2c31\" data-element_type=\"column\" data-e-type=\"column\">\n\t\t\t<div class=\"elementor-widget-wrap elementor-element-populated\">\n\t\t\t\t\t\t<div class=\"elementor-element elementor-element-6c6ceec elementor-widget elementor-widget-image\" data-id=\"6c6ceec\" data-element_type=\"widget\" data-e-type=\"widget\" data-widget_type=\"image.default\">\n\t\t\t\t<div class=\"elementor-widget-container\">\n\t\t\t\t\t\t\t\t\t\t\t\t\t\t\t<img decoding=\"async\" width=\"433\" height=\"577\" src=\"https:\/\/ezzy.io\/wp-content\/uploads\/2024\/08\/Tina-uber-uns.png\" class=\"attachment-large size-large wp-image-51424\" alt=\"\" srcset=\"https:\/\/ezzy.io\/wp-content\/uploads\/2024\/08\/Tina-uber-uns.png 433w, https:\/\/ezzy.io\/wp-content\/uploads\/2024\/08\/Tina-uber-uns-225x300.png 225w\" sizes=\"(max-width: 433px) 100vw, 433px\" \/>\t\t\t\t\t\t\t\t\t\t\t\t\t\t\t<\/div>\n\t\t\t\t<\/div>\n\t\t\t\t<div class=\"elementor-element elementor-element-f8afb6f elementor-widget elementor-widget-heading\" data-id=\"f8afb6f\" data-element_type=\"widget\" data-e-type=\"widget\" data-widget_type=\"heading.default\">\n\t\t\t\t<div class=\"elementor-widget-container\">\n\t\t\t\t\t<h2 class=\"elementor-heading-title elementor-size-default\">Tina<\/h2>\t\t\t\t<\/div>\n\t\t\t\t<\/div>\n\t\t\t\t\t<\/div>\n\t\t<\/div>\n\t\t\t\t<div class=\"elementor-column elementor-col-50 elementor-inner-column elementor-element elementor-element-172bd10\" data-id=\"172bd10\" data-element_type=\"column\" data-e-type=\"column\">\n\t\t\t<div class=\"elementor-widget-wrap elementor-element-populated\">\n\t\t\t\t\t\t<div class=\"elementor-element elementor-element-e6927e1 elementor-widget elementor-widget-text-editor\" data-id=\"e6927e1\" data-element_type=\"widget\" data-e-type=\"widget\" data-widget_type=\"text-editor.default\">\n\t\t\t\t<div class=\"elementor-widget-container\">\n\t\t\t\t\t\t\t\t\t<p>Tina completed her Master&#8217;s degree in German Studies in 2019 and then gained her first professional experience as a project manager in the field of copywriting. In summer 2020, she then took the plunge into self-employment. From then on, she worked primarily as an editor and proofreader of a wide variety of texts.<\/p>\n<p>From scientific papers to various magazine articles and brochures to advertising copy, she still checks all textual content for grammatical correctness and appropriate stylistic expression. She has also been working for ezzy with great pleasure since 2023 &#8211; primarily in the areas of copywriting, editing and SEO.<\/p>\n\t\t\t\t\t\t\t\t<\/div>\n\t\t\t\t<\/div>\n\t\t\t\t\t<\/div>\n\t\t<\/div>\n\t\t\t\t\t<\/div>\n\t\t<\/section>\n\t\t\t\t\t<\/div>\n\t\t<\/div>\n\t\t\t\t\t<\/div>\n\t\t<\/section>\n\t\t\t\t<\/div>\n\t\t","protected":false},"excerpt":{"rendered":"<p>About us ezzy is not a website that promises to give you instructions on how to get rich quick. We are also not your next coaching program that you are supposed to complete in order to be successful. We are a team of interested and longtime options traders who see that there is a need [&hellip;]<\/p>\n","protected":false},"author":3,"featured_media":0,"parent":0,"menu_order":0,"comment_status":"closed","ping_status":"closed","template":"elementor_header_footer","meta":{"_monsterinsights_skip_tracking":false,"_monsterinsights_sitenote_active":false,"_monsterinsights_sitenote_note":"","_monsterinsights_sitenote_category":0,"footnotes":""},"categories":[],"tags":[],"class_list":["post-51420","page","type-page","status-publish","hentry"],"yoast_head":"<!-- This site is optimized with the Yoast SEO Premium plugin v27.4 (Yoast SEO v27.4) - https:\/\/yoast.com\/product\/yoast-seo-premium-wordpress\/ -->\n<title>About us - ezzy<\/title>\n<meta name=\"description\" content=\"Discover our team of options traders. We are behind the scenes.\" \/>\n<meta name=\"robots\" content=\"index, follow, max-snippet:-1, max-image-preview:large, max-video-preview:-1\" \/>\n<link rel=\"canonical\" href=\"https:\/\/ezzy.io\/uber-uns\/\" \/>\n<meta property=\"og:locale\" content=\"en_US\" \/>\n<meta property=\"og:type\" content=\"article\" \/>\n<meta property=\"og:title\" content=\"About us\" \/>\n<meta property=\"og:description\" content=\"Discover our team of options traders. We are behind the scenes.\" \/>\n<meta property=\"og:url\" content=\"https:\/\/ezzy.io\/uber-uns\/\" \/>\n<meta property=\"og:site_name\" content=\"ezzy\" \/>\n<meta property=\"article:publisher\" content=\"https:\/\/www.facebook.com\/profile.php?id=61575988409737\" \/>\n<meta property=\"article:modified_time\" content=\"2025-04-17T09:20:00+00:00\" \/>\n<meta property=\"og:image\" content=\"https:\/\/ezzy.io\/wp-content\/uploads\/2024\/07\/1676909620128-removebg-preview-e1721130072187.png\" \/>\n<meta name=\"twitter:card\" content=\"summary_large_image\" \/>\n<meta name=\"twitter:site\" content=\"@ezzy_io\" \/>\n<meta name=\"twitter:label1\" content=\"Est. reading time\" \/>\n\t<meta name=\"twitter:data1\" content=\"2 minutes\" \/>\n<script type=\"application\/ld+json\" class=\"yoast-schema-graph\">{\"@context\":\"https:\\\/\\\/schema.org\",\"@graph\":[{\"@type\":\"WebPage\",\"@id\":\"https:\\\/\\\/ezzy.io\\\/uber-uns\\\/\",\"url\":\"https:\\\/\\\/ezzy.io\\\/uber-uns\\\/\",\"name\":\"About us - ezzy\",\"isPartOf\":{\"@id\":\"https:\\\/\\\/ezzy.io\\\/#website\"},\"primaryImageOfPage\":{\"@id\":\"https:\\\/\\\/ezzy.io\\\/uber-uns\\\/#primaryimage\"},\"image\":{\"@id\":\"https:\\\/\\\/ezzy.io\\\/uber-uns\\\/#primaryimage\"},\"thumbnailUrl\":\"https:\\\/\\\/ezzy.io\\\/wp-content\\\/uploads\\\/2024\\\/07\\\/1676909620128-removebg-preview-e1721130072187.png\",\"datePublished\":\"2025-04-17T09:19:59+00:00\",\"dateModified\":\"2025-04-17T09:20:00+00:00\",\"description\":\"Discover our team of options traders. We are behind the scenes.\",\"breadcrumb\":{\"@id\":\"https:\\\/\\\/ezzy.io\\\/uber-uns\\\/#breadcrumb\"},\"inLanguage\":\"en-US\",\"potentialAction\":[{\"@type\":\"ReadAction\",\"target\":[\"https:\\\/\\\/ezzy.io\\\/uber-uns\\\/\"]}]},{\"@type\":\"ImageObject\",\"inLanguage\":\"en-US\",\"@id\":\"https:\\\/\\\/ezzy.io\\\/uber-uns\\\/#primaryimage\",\"url\":\"https:\\\/\\\/ezzy.io\\\/wp-content\\\/uploads\\\/2024\\\/07\\\/1676909620128-removebg-preview-e1721130072187.png\",\"contentUrl\":\"https:\\\/\\\/ezzy.io\\\/wp-content\\\/uploads\\\/2024\\\/07\\\/1676909620128-removebg-preview-e1721130072187.png\"},{\"@type\":\"BreadcrumbList\",\"@id\":\"https:\\\/\\\/ezzy.io\\\/uber-uns\\\/#breadcrumb\",\"itemListElement\":[{\"@type\":\"ListItem\",\"position\":1,\"name\":\"ezzy\",\"item\":\"https:\\\/\\\/ezzy.io\\\/\"},{\"@type\":\"ListItem\",\"position\":2,\"name\":\"About us\"}]},{\"@type\":\"WebSite\",\"@id\":\"https:\\\/\\\/ezzy.io\\\/#website\",\"url\":\"https:\\\/\\\/ezzy.io\\\/\",\"name\":\"ezzy.io\",\"description\":\"B\u00f6rseneinkommen leicht gemacht!\",\"publisher\":{\"@id\":\"https:\\\/\\\/ezzy.io\\\/#organization\"},\"potentialAction\":[{\"@type\":\"SearchAction\",\"target\":{\"@type\":\"EntryPoint\",\"urlTemplate\":\"https:\\\/\\\/ezzy.io\\\/?s={search_term_string}\"},\"query-input\":{\"@type\":\"PropertyValueSpecification\",\"valueRequired\":true,\"valueName\":\"search_term_string\"}}],\"inLanguage\":\"en-US\"},{\"@type\":\"Organization\",\"@id\":\"https:\\\/\\\/ezzy.io\\\/#organization\",\"name\":\"ezzy AG\",\"alternateName\":\"ezzy AG\",\"url\":\"https:\\\/\\\/ezzy.io\\\/\",\"logo\":{\"@type\":\"ImageObject\",\"inLanguage\":\"en-US\",\"@id\":\"https:\\\/\\\/ezzy.io\\\/#\\\/schema\\\/logo\\\/image\\\/\",\"url\":\"https:\\\/\\\/ezzy.io\\\/wp-content\\\/uploads\\\/2022\\\/12\\\/cropped-ezzy-Logo.png\",\"contentUrl\":\"https:\\\/\\\/ezzy.io\\\/wp-content\\\/uploads\\\/2022\\\/12\\\/cropped-ezzy-Logo.png\",\"width\":1726,\"height\":638,\"caption\":\"ezzy AG\"},\"image\":{\"@id\":\"https:\\\/\\\/ezzy.io\\\/#\\\/schema\\\/logo\\\/image\\\/\"},\"sameAs\":[\"https:\\\/\\\/www.facebook.com\\\/profile.php?id=61575988409737\",\"https:\\\/\\\/x.com\\\/ezzy_io\",\"https:\\\/\\\/www.youtube.com\\\/@ezzy-io\"],\"description\":\"ezzy.io ist eine spezialisierte Plattform, die sich darauf fokussiert, B\u00f6rseneinkommen f\u00fcr Privatanleger und Optionen-H\u00e4ndler einfach, transparent und schnell zug\u00e4nglich zu machen. ezzy.io macht B\u00f6rseneinkommen leicht verst\u00e4ndlich und sofort umsetzbar. Mit ezzy ist jetzt m\u00f6glich innerhalb von Sekunden, die passenden Aktien und Optionen f\u00fcr den pers\u00f6nlichen Cashflow zu finden \u2013 f\u00fcr Einsteiger bis zu erfahrenen H\u00e4ndlern.\"}]}<\/script>\n<!-- \/ Yoast SEO Premium plugin. -->","yoast_head_json":{"title":"About us - ezzy","description":"Discover our team of options traders. We are behind the scenes.","robots":{"index":"index","follow":"follow","max-snippet":"max-snippet:-1","max-image-preview":"max-image-preview:large","max-video-preview":"max-video-preview:-1"},"canonical":"https:\/\/ezzy.io\/uber-uns\/","og_locale":"en_US","og_type":"article","og_title":"About us","og_description":"Discover our team of options traders. We are behind the scenes.","og_url":"https:\/\/ezzy.io\/uber-uns\/","og_site_name":"ezzy","article_publisher":"https:\/\/www.facebook.com\/profile.php?id=61575988409737","article_modified_time":"2025-04-17T09:20:00+00:00","og_image":[{"url":"https:\/\/ezzy.io\/wp-content\/uploads\/2024\/07\/1676909620128-removebg-preview-e1721130072187.png","type":"","width":"","height":""}],"twitter_card":"summary_large_image","twitter_site":"@ezzy_io","twitter_misc":{"Est. reading time":"2 minutes"},"schema":{"@context":"https:\/\/schema.org","@graph":[{"@type":"WebPage","@id":"https:\/\/ezzy.io\/uber-uns\/","url":"https:\/\/ezzy.io\/uber-uns\/","name":"About us - ezzy","isPartOf":{"@id":"https:\/\/ezzy.io\/#website"},"primaryImageOfPage":{"@id":"https:\/\/ezzy.io\/uber-uns\/#primaryimage"},"image":{"@id":"https:\/\/ezzy.io\/uber-uns\/#primaryimage"},"thumbnailUrl":"https:\/\/ezzy.io\/wp-content\/uploads\/2024\/07\/1676909620128-removebg-preview-e1721130072187.png","datePublished":"2025-04-17T09:19:59+00:00","dateModified":"2025-04-17T09:20:00+00:00","description":"Discover our team of options traders. We are behind the scenes.","breadcrumb":{"@id":"https:\/\/ezzy.io\/uber-uns\/#breadcrumb"},"inLanguage":"en-US","potentialAction":[{"@type":"ReadAction","target":["https:\/\/ezzy.io\/uber-uns\/"]}]},{"@type":"ImageObject","inLanguage":"en-US","@id":"https:\/\/ezzy.io\/uber-uns\/#primaryimage","url":"https:\/\/ezzy.io\/wp-content\/uploads\/2024\/07\/1676909620128-removebg-preview-e1721130072187.png","contentUrl":"https:\/\/ezzy.io\/wp-content\/uploads\/2024\/07\/1676909620128-removebg-preview-e1721130072187.png"},{"@type":"BreadcrumbList","@id":"https:\/\/ezzy.io\/uber-uns\/#breadcrumb","itemListElement":[{"@type":"ListItem","position":1,"name":"ezzy","item":"https:\/\/ezzy.io\/"},{"@type":"ListItem","position":2,"name":"About us"}]},{"@type":"WebSite","@id":"https:\/\/ezzy.io\/#website","url":"https:\/\/ezzy.io\/","name":"ezzy.io","description":"B\u00f6rseneinkommen leicht gemacht!","publisher":{"@id":"https:\/\/ezzy.io\/#organization"},"potentialAction":[{"@type":"SearchAction","target":{"@type":"EntryPoint","urlTemplate":"https:\/\/ezzy.io\/?s={search_term_string}"},"query-input":{"@type":"PropertyValueSpecification","valueRequired":true,"valueName":"search_term_string"}}],"inLanguage":"en-US"},{"@type":"Organization","@id":"https:\/\/ezzy.io\/#organization","name":"ezzy AG","alternateName":"ezzy AG","url":"https:\/\/ezzy.io\/","logo":{"@type":"ImageObject","inLanguage":"en-US","@id":"https:\/\/ezzy.io\/#\/schema\/logo\/image\/","url":"https:\/\/ezzy.io\/wp-content\/uploads\/2022\/12\/cropped-ezzy-Logo.png","contentUrl":"https:\/\/ezzy.io\/wp-content\/uploads\/2022\/12\/cropped-ezzy-Logo.png","width":1726,"height":638,"caption":"ezzy AG"},"image":{"@id":"https:\/\/ezzy.io\/#\/schema\/logo\/image\/"},"sameAs":["https:\/\/www.facebook.com\/profile.php?id=61575988409737","https:\/\/x.com\/ezzy_io","https:\/\/www.youtube.com\/@ezzy-io"],"description":"ezzy.io ist eine spezialisierte Plattform, die sich darauf fokussiert, B\u00f6rseneinkommen f\u00fcr Privatanleger und Optionen-H\u00e4ndler einfach, transparent und schnell zug\u00e4nglich zu machen. ezzy.io macht B\u00f6rseneinkommen leicht verst\u00e4ndlich und sofort umsetzbar. Mit ezzy ist jetzt m\u00f6glich innerhalb von Sekunden, die passenden Aktien und Optionen f\u00fcr den pers\u00f6nlichen Cashflow zu finden \u2013 f\u00fcr Einsteiger bis zu erfahrenen H\u00e4ndlern."}]}},"_links":{"self":[{"href":"https:\/\/ezzy.io\/en\/wp-json\/wp\/v2\/pages\/51420","targetHints":{"allow":["GET"]}}],"collection":[{"href":"https:\/\/ezzy.io\/en\/wp-json\/wp\/v2\/pages"}],"about":[{"href":"https:\/\/ezzy.io\/en\/wp-json\/wp\/v2\/types\/page"}],"author":[{"embeddable":true,"href":"https:\/\/ezzy.io\/en\/wp-json\/wp\/v2\/users\/3"}],"replies":[{"embeddable":true,"href":"https:\/\/ezzy.io\/en\/wp-json\/wp\/v2\/comments?post=51420"}],"version-history":[{"count":1,"href":"https:\/\/ezzy.io\/en\/wp-json\/wp\/v2\/pages\/51420\/revisions"}],"predecessor-version":[{"id":51425,"href":"https:\/\/ezzy.io\/en\/wp-json\/wp\/v2\/pages\/51420\/revisions\/51425"}],"wp:attachment":[{"href":"https:\/\/ezzy.io\/en\/wp-json\/wp\/v2\/media?parent=51420"}],"wp:term":[{"taxonomy":"category","embeddable":true,"href":"https:\/\/ezzy.io\/en\/wp-json\/wp\/v2\/categories?post=51420"},{"taxonomy":"post_tag","embeddable":true,"href":"https:\/\/ezzy.io\/en\/wp-json\/wp\/v2\/tags?post=51420"}],"curies":[{"name":"wp","href":"https:\/\/api.w.org\/{rel}","templated":true}]}}