{"id":56122,"date":"2025-12-08T13:34:39","date_gmt":"2025-12-08T12:34:39","guid":{"rendered":"https:\/\/ezzy.io\/options-basics\/"},"modified":"2025-12-08T13:34:41","modified_gmt":"2025-12-08T12:34:41","slug":"options-basics","status":"publish","type":"page","link":"https:\/\/ezzy.io\/en\/options-basics\/","title":{"rendered":"Options Basics"},"content":{"rendered":"\t\t<div data-elementor-type=\"wp-page\" data-elementor-id=\"56122\" class=\"elementor elementor-56122 elementor-6423\" data-elementor-post-type=\"page\">\n\t\t\t\t\t\t<section class=\"elementor-section elementor-top-section elementor-element elementor-element-be14ff3 elementor-section-boxed elementor-section-height-default elementor-section-height-default\" data-id=\"be14ff3\" data-element_type=\"section\" data-e-type=\"section\" data-settings=\"{&quot;background_background&quot;:&quot;classic&quot;}\">\n\t\t\t\t\t\t\t<div class=\"elementor-background-overlay\"><\/div>\n\t\t\t\t\t\t\t<div class=\"elementor-container elementor-column-gap-default\">\n\t\t\t\t\t<div class=\"elementor-column elementor-col-100 elementor-top-column elementor-element elementor-element-5ac66ac\" data-id=\"5ac66ac\" data-element_type=\"column\" data-e-type=\"column\">\n\t\t\t<div class=\"elementor-widget-wrap elementor-element-populated\">\n\t\t\t\t\t\t<div class=\"elementor-element elementor-element-899fe4d elementor-widget elementor-widget-heading\" data-id=\"899fe4d\" data-element_type=\"widget\" data-e-type=\"widget\" data-widget_type=\"heading.default\">\n\t\t\t\t<div class=\"elementor-widget-container\">\n\t\t\t\t\t<h1 class=\"elementor-heading-title elementor-size-default\">Options Basics<\/h1>\t\t\t\t<\/div>\n\t\t\t\t<\/div>\n\t\t\t\t<div class=\"elementor-element elementor-element-251aa9d elementor-widget elementor-widget-text-editor\" data-id=\"251aa9d\" data-element_type=\"widget\" data-e-type=\"widget\" data-widget_type=\"text-editor.default\">\n\t\t\t\t<div class=\"elementor-widget-container\">\n\t\t\t\t\t\t\t\t\t<p>In this overview of articles, we look at the topic of &#8220;Fundamentals of options trading&#8221;. The financial sector is changing and there are many challenges and opportunities that affect us all. In recent years, we have experienced historically low interest rates and extreme inflation. As long-term active stock market traders, it is important to us that others also have the tools to build and secure wealth.<\/p>\n<p>Here you will receive free information on what options trading is and how it can help you take back control of your wealth creation. Learn ezzy at your own pace.<\/p>\n\t\t\t\t\t\t\t\t<\/div>\n\t\t\t\t<\/div>\n\t\t\t\t\t<\/div>\n\t\t<\/div>\n\t\t\t\t\t<\/div>\n\t\t<\/section>\n\t\t\t\t<section class=\"elementor-section elementor-top-section elementor-element elementor-element-1fa8110 elementor-section-boxed elementor-section-height-default elementor-section-height-default\" data-id=\"1fa8110\" data-element_type=\"section\" data-e-type=\"section\" data-settings=\"{&quot;background_background&quot;:&quot;classic&quot;}\">\n\t\t\t\t\t\t\t<div class=\"elementor-background-overlay\"><\/div>\n\t\t\t\t\t\t\t<div class=\"elementor-container elementor-column-gap-default\">\n\t\t\t\t\t<div class=\"elementor-column elementor-col-100 elementor-top-column elementor-element elementor-element-5c93ee0\" data-id=\"5c93ee0\" data-element_type=\"column\" data-e-type=\"column\">\n\t\t\t<div class=\"elementor-widget-wrap elementor-element-populated\">\n\t\t\t\t\t\t<div class=\"elementor-element elementor-element-ede30fa elementor-widget elementor-widget-heading\" data-id=\"ede30fa\" data-element_type=\"widget\" data-e-type=\"widget\" data-widget_type=\"heading.default\">\n\t\t\t\t<div class=\"elementor-widget-container\">\n\t\t\t\t\t<h2 class=\"elementor-heading-title elementor-size-default\">Options basic knowledge<\/h2>\t\t\t\t<\/div>\n\t\t\t\t<\/div>\n\t\t\t\t<div class=\"elementor-element elementor-element-c28bbd0 elementor-widget elementor-widget-heading\" data-id=\"c28bbd0\" data-element_type=\"widget\" data-e-type=\"widget\" data-widget_type=\"heading.default\">\n\t\t\t\t<div class=\"elementor-widget-container\">\n\t\t\t\t\t<h2 class=\"elementor-heading-title elementor-size-default\">Moneyness<\/h2>\t\t\t\t<\/div>\n\t\t\t\t<\/div>\n\t\t\t\t<div class=\"elementor-element elementor-element-faa0632 elementor-widget elementor-widget-heading\" data-id=\"faa0632\" data-element_type=\"widget\" data-e-type=\"widget\" data-widget_type=\"heading.default\">\n\t\t\t\t<div class=\"elementor-widget-container\">\n\t\t\t\t\t<h2 class=\"elementor-heading-title elementor-size-default\">Key figures<\/h2>\t\t\t\t<\/div>\n\t\t\t\t<\/div>\n\t\t\t\t\t<\/div>\n\t\t<\/div>\n\t\t\t\t\t<\/div>\n\t\t<\/section>\n\t\t\t\t<\/div>\n\t\t","protected":false},"excerpt":{"rendered":"<p>Options Basics In this overview of articles, we look at the topic of &#8220;Fundamentals of options trading&#8221;. The financial sector is changing and there are many challenges and opportunities that affect us all. In recent years, we have experienced historically low interest rates and extreme inflation. As long-term active stock market traders, it is important [&hellip;]<\/p>\n","protected":false},"author":3,"featured_media":0,"parent":0,"menu_order":0,"comment_status":"closed","ping_status":"closed","template":"elementor_header_footer","meta":{"_monsterinsights_skip_tracking":false,"_monsterinsights_sitenote_active":false,"_monsterinsights_sitenote_note":"","_monsterinsights_sitenote_category":0,"footnotes":""},"categories":[],"tags":[],"class_list":["post-56122","page","type-page","status-publish","hentry"],"yoast_head":"<!-- This site is optimized with the Yoast SEO Premium plugin v27.4 (Yoast SEO v27.4) - https:\/\/yoast.com\/product\/yoast-seo-premium-wordpress\/ -->\n<title>Options Basics - ezzy<\/title>\n<meta name=\"description\" content=\"ezzy - What are options? Where to learn options trading? Understand the basics of options and get monthly cashflow from options trading!\" \/>\n<meta name=\"robots\" content=\"index, follow, max-snippet:-1, max-image-preview:large, max-video-preview:-1\" \/>\n<link rel=\"canonical\" href=\"https:\/\/ezzy.io\/optionen-grundlagen\/\" \/>\n<meta property=\"og:locale\" content=\"en_US\" \/>\n<meta property=\"og:type\" content=\"article\" \/>\n<meta property=\"og:title\" content=\"Options Basics\" \/>\n<meta property=\"og:description\" content=\"ezzy - What are options? Where to learn options trading? Understand the basics of options and get monthly cashflow from options trading!\" \/>\n<meta property=\"og:url\" content=\"https:\/\/ezzy.io\/optionen-grundlagen\/\" \/>\n<meta property=\"og:site_name\" content=\"ezzy\" \/>\n<meta property=\"article:publisher\" content=\"https:\/\/www.facebook.com\/profile.php?id=61575988409737\" \/>\n<meta property=\"article:modified_time\" content=\"2025-12-08T12:34:41+00:00\" \/>\n<meta name=\"twitter:card\" content=\"summary_large_image\" \/>\n<meta name=\"twitter:site\" content=\"@ezzy_io\" \/>\n<meta name=\"twitter:label1\" content=\"Est. reading time\" \/>\n\t<meta name=\"twitter:data1\" content=\"1 minute\" \/>\n<script type=\"application\/ld+json\" class=\"yoast-schema-graph\">{\"@context\":\"https:\\\/\\\/schema.org\",\"@graph\":[{\"@type\":\"WebPage\",\"@id\":\"https:\\\/\\\/ezzy.io\\\/optionen-grundlagen\\\/\",\"url\":\"https:\\\/\\\/ezzy.io\\\/optionen-grundlagen\\\/\",\"name\":\"Options Basics - ezzy\",\"isPartOf\":{\"@id\":\"https:\\\/\\\/ezzy.io\\\/#website\"},\"datePublished\":\"2025-12-08T12:34:39+00:00\",\"dateModified\":\"2025-12-08T12:34:41+00:00\",\"description\":\"ezzy - What are options? Where to learn options trading? Understand the basics of options and get monthly cashflow from options trading!\",\"breadcrumb\":{\"@id\":\"https:\\\/\\\/ezzy.io\\\/optionen-grundlagen\\\/#breadcrumb\"},\"inLanguage\":\"en-US\",\"potentialAction\":[{\"@type\":\"ReadAction\",\"target\":[\"https:\\\/\\\/ezzy.io\\\/optionen-grundlagen\\\/\"]}]},{\"@type\":\"BreadcrumbList\",\"@id\":\"https:\\\/\\\/ezzy.io\\\/optionen-grundlagen\\\/#breadcrumb\",\"itemListElement\":[{\"@type\":\"ListItem\",\"position\":1,\"name\":\"ezzy\",\"item\":\"https:\\\/\\\/ezzy.io\\\/\"},{\"@type\":\"ListItem\",\"position\":2,\"name\":\"Options Basics\"}]},{\"@type\":\"WebSite\",\"@id\":\"https:\\\/\\\/ezzy.io\\\/#website\",\"url\":\"https:\\\/\\\/ezzy.io\\\/\",\"name\":\"ezzy.io\",\"description\":\"B\u00f6rseneinkommen leicht gemacht!\",\"publisher\":{\"@id\":\"https:\\\/\\\/ezzy.io\\\/#organization\"},\"potentialAction\":[{\"@type\":\"SearchAction\",\"target\":{\"@type\":\"EntryPoint\",\"urlTemplate\":\"https:\\\/\\\/ezzy.io\\\/?s={search_term_string}\"},\"query-input\":{\"@type\":\"PropertyValueSpecification\",\"valueRequired\":true,\"valueName\":\"search_term_string\"}}],\"inLanguage\":\"en-US\"},{\"@type\":\"Organization\",\"@id\":\"https:\\\/\\\/ezzy.io\\\/#organization\",\"name\":\"ezzy AG\",\"alternateName\":\"ezzy AG\",\"url\":\"https:\\\/\\\/ezzy.io\\\/\",\"logo\":{\"@type\":\"ImageObject\",\"inLanguage\":\"en-US\",\"@id\":\"https:\\\/\\\/ezzy.io\\\/#\\\/schema\\\/logo\\\/image\\\/\",\"url\":\"https:\\\/\\\/ezzy.io\\\/wp-content\\\/uploads\\\/2022\\\/12\\\/cropped-ezzy-Logo.png\",\"contentUrl\":\"https:\\\/\\\/ezzy.io\\\/wp-content\\\/uploads\\\/2022\\\/12\\\/cropped-ezzy-Logo.png\",\"width\":1726,\"height\":638,\"caption\":\"ezzy AG\"},\"image\":{\"@id\":\"https:\\\/\\\/ezzy.io\\\/#\\\/schema\\\/logo\\\/image\\\/\"},\"sameAs\":[\"https:\\\/\\\/www.facebook.com\\\/profile.php?id=61575988409737\",\"https:\\\/\\\/x.com\\\/ezzy_io\",\"https:\\\/\\\/www.youtube.com\\\/@ezzy-io\"],\"description\":\"ezzy.io ist eine spezialisierte Plattform, die sich darauf fokussiert, B\u00f6rseneinkommen f\u00fcr Privatanleger und Optionen-H\u00e4ndler einfach, transparent und schnell zug\u00e4nglich zu machen. ezzy.io macht B\u00f6rseneinkommen leicht verst\u00e4ndlich und sofort umsetzbar. Mit ezzy ist jetzt m\u00f6glich innerhalb von Sekunden, die passenden Aktien und Optionen f\u00fcr den pers\u00f6nlichen Cashflow zu finden \u2013 f\u00fcr Einsteiger bis zu erfahrenen H\u00e4ndlern.\"}]}<\/script>\n<!-- \/ Yoast SEO Premium plugin. -->","yoast_head_json":{"title":"Options Basics - ezzy","description":"ezzy - What are options? Where to learn options trading? Understand the basics of options and get monthly cashflow from options trading!","robots":{"index":"index","follow":"follow","max-snippet":"max-snippet:-1","max-image-preview":"max-image-preview:large","max-video-preview":"max-video-preview:-1"},"canonical":"https:\/\/ezzy.io\/optionen-grundlagen\/","og_locale":"en_US","og_type":"article","og_title":"Options Basics","og_description":"ezzy - What are options? Where to learn options trading? Understand the basics of options and get monthly cashflow from options trading!","og_url":"https:\/\/ezzy.io\/optionen-grundlagen\/","og_site_name":"ezzy","article_publisher":"https:\/\/www.facebook.com\/profile.php?id=61575988409737","article_modified_time":"2025-12-08T12:34:41+00:00","twitter_card":"summary_large_image","twitter_site":"@ezzy_io","twitter_misc":{"Est. reading time":"1 minute"},"schema":{"@context":"https:\/\/schema.org","@graph":[{"@type":"WebPage","@id":"https:\/\/ezzy.io\/optionen-grundlagen\/","url":"https:\/\/ezzy.io\/optionen-grundlagen\/","name":"Options Basics - ezzy","isPartOf":{"@id":"https:\/\/ezzy.io\/#website"},"datePublished":"2025-12-08T12:34:39+00:00","dateModified":"2025-12-08T12:34:41+00:00","description":"ezzy - What are options? Where to learn options trading? Understand the basics of options and get monthly cashflow from options trading!","breadcrumb":{"@id":"https:\/\/ezzy.io\/optionen-grundlagen\/#breadcrumb"},"inLanguage":"en-US","potentialAction":[{"@type":"ReadAction","target":["https:\/\/ezzy.io\/optionen-grundlagen\/"]}]},{"@type":"BreadcrumbList","@id":"https:\/\/ezzy.io\/optionen-grundlagen\/#breadcrumb","itemListElement":[{"@type":"ListItem","position":1,"name":"ezzy","item":"https:\/\/ezzy.io\/"},{"@type":"ListItem","position":2,"name":"Options Basics"}]},{"@type":"WebSite","@id":"https:\/\/ezzy.io\/#website","url":"https:\/\/ezzy.io\/","name":"ezzy.io","description":"B\u00f6rseneinkommen leicht gemacht!","publisher":{"@id":"https:\/\/ezzy.io\/#organization"},"potentialAction":[{"@type":"SearchAction","target":{"@type":"EntryPoint","urlTemplate":"https:\/\/ezzy.io\/?s={search_term_string}"},"query-input":{"@type":"PropertyValueSpecification","valueRequired":true,"valueName":"search_term_string"}}],"inLanguage":"en-US"},{"@type":"Organization","@id":"https:\/\/ezzy.io\/#organization","name":"ezzy AG","alternateName":"ezzy AG","url":"https:\/\/ezzy.io\/","logo":{"@type":"ImageObject","inLanguage":"en-US","@id":"https:\/\/ezzy.io\/#\/schema\/logo\/image\/","url":"https:\/\/ezzy.io\/wp-content\/uploads\/2022\/12\/cropped-ezzy-Logo.png","contentUrl":"https:\/\/ezzy.io\/wp-content\/uploads\/2022\/12\/cropped-ezzy-Logo.png","width":1726,"height":638,"caption":"ezzy AG"},"image":{"@id":"https:\/\/ezzy.io\/#\/schema\/logo\/image\/"},"sameAs":["https:\/\/www.facebook.com\/profile.php?id=61575988409737","https:\/\/x.com\/ezzy_io","https:\/\/www.youtube.com\/@ezzy-io"],"description":"ezzy.io ist eine spezialisierte Plattform, die sich darauf fokussiert, B\u00f6rseneinkommen f\u00fcr Privatanleger und Optionen-H\u00e4ndler einfach, transparent und schnell zug\u00e4nglich zu machen. ezzy.io macht B\u00f6rseneinkommen leicht verst\u00e4ndlich und sofort umsetzbar. Mit ezzy ist jetzt m\u00f6glich innerhalb von Sekunden, die passenden Aktien und Optionen f\u00fcr den pers\u00f6nlichen Cashflow zu finden \u2013 f\u00fcr Einsteiger bis zu erfahrenen H\u00e4ndlern."}]}},"_links":{"self":[{"href":"https:\/\/ezzy.io\/en\/wp-json\/wp\/v2\/pages\/56122","targetHints":{"allow":["GET"]}}],"collection":[{"href":"https:\/\/ezzy.io\/en\/wp-json\/wp\/v2\/pages"}],"about":[{"href":"https:\/\/ezzy.io\/en\/wp-json\/wp\/v2\/types\/page"}],"author":[{"embeddable":true,"href":"https:\/\/ezzy.io\/en\/wp-json\/wp\/v2\/users\/3"}],"replies":[{"embeddable":true,"href":"https:\/\/ezzy.io\/en\/wp-json\/wp\/v2\/comments?post=56122"}],"version-history":[{"count":1,"href":"https:\/\/ezzy.io\/en\/wp-json\/wp\/v2\/pages\/56122\/revisions"}],"predecessor-version":[{"id":56123,"href":"https:\/\/ezzy.io\/en\/wp-json\/wp\/v2\/pages\/56122\/revisions\/56123"}],"wp:attachment":[{"href":"https:\/\/ezzy.io\/en\/wp-json\/wp\/v2\/media?parent=56122"}],"wp:term":[{"taxonomy":"category","embeddable":true,"href":"https:\/\/ezzy.io\/en\/wp-json\/wp\/v2\/categories?post=56122"},{"taxonomy":"post_tag","embeddable":true,"href":"https:\/\/ezzy.io\/en\/wp-json\/wp\/v2\/tags?post=56122"}],"curies":[{"name":"wp","href":"https:\/\/api.w.org\/{rel}","templated":true}]}}