{"id":56127,"date":"2025-12-08T13:50:12","date_gmt":"2025-12-08T12:50:12","guid":{"rendered":"https:\/\/ezzy.io\/imprint\/"},"modified":"2025-12-08T13:50:13","modified_gmt":"2025-12-08T12:50:13","slug":"imprint","status":"publish","type":"page","link":"https:\/\/ezzy.io\/en\/imprint\/","title":{"rendered":"Imprint"},"content":{"rendered":"\t\t<div data-elementor-type=\"wp-page\" data-elementor-id=\"56127\" class=\"elementor elementor-56127 elementor-5192\" data-elementor-post-type=\"page\">\n\t\t\t\t\t\t<section class=\"elementor-section elementor-top-section elementor-element elementor-element-3e80c088 elementor-section-height-min-height elementor-section-boxed elementor-section-height-default elementor-section-items-middle\" data-id=\"3e80c088\" data-element_type=\"section\" data-e-type=\"section\" data-settings=\"{&quot;background_background&quot;:&quot;classic&quot;}\">\n\t\t\t\t\t\t<div class=\"elementor-container elementor-column-gap-default\">\n\t\t\t\t\t<div class=\"elementor-column elementor-col-50 elementor-top-column elementor-element elementor-element-d4d23dc\" data-id=\"d4d23dc\" data-element_type=\"column\" data-e-type=\"column\">\n\t\t\t<div class=\"elementor-widget-wrap elementor-element-populated\">\n\t\t\t\t\t\t<div class=\"elementor-element elementor-element-1210aef elementor-widget elementor-widget-text-editor\" data-id=\"1210aef\" data-element_type=\"widget\" data-e-type=\"widget\" data-widget_type=\"text-editor.default\">\n\t\t\t\t<div class=\"elementor-widget-container\">\n\t\t\t\t\t\t\t\t\t<h1><span style=\"color: revert; font-size: revert; font-weight: revert;\">Imprint<\/span><\/h1>\n<p><\/p>\n<div class=\"page\" title=\"Page 59\">\n<div class=\"layoutArea\">\n<div class=\"column\">\n<p><strong>ezzy AG<\/strong><br \/>\nLandstrasse 39<br \/>\n9490 Vaduz<br \/>\nF\u00fcrstentum Liechtenstein<\/p>\n<div class=\"page\" title=\"Page 59\">\n<div class=\"layoutArea\">\n<div class=\"column\">\n<p><strong>H:<\/strong> www.ezzy.io<\/p>\n<\/div>\n<p><\/p>\n<div class=\"page\" title=\"Page 59\">\n<div class=\"layoutArea\">\n<div class=\"column\">\n<p><strong>Liechtenstein Commercial Register Registration number: <\/strong>FL-0002.600.541\u20137<\/p>\n<\/div>\n<p><\/p>\n<div class=\"page\" title=\"Page 59\">\n<div class=\"layoutArea\">\n<div class=\"column\">\n<p><strong>E-Mail-Adress: <\/strong>support@ezzy.io<\/p>\n<p><strong>Word and figurative mark:<\/strong> <a href=\"https:\/\/euipo.europa.eu\/eSearch\/#details\/trademarks\/019131904\" target=\"_blank\" rel=\"noopener\">https:\/\/euipo.europa.eu\/eSearch\/#details\/trademarks\/019131904<\/a><\/p>\n<\/div>\n<p><\/div>\n<p><\/div>\n<p><\/div>\n<p><\/div>\n<p><\/div>\n<p><\/div>\n<p><\/div>\n<p><\/div>\n<p><\/div>\n\t\t\t\t\t\t\t\t<\/div>\n\t\t\t\t<\/div>\n\t\t\t\t\t<\/div>\n\t\t<\/div>\n\t\t\t\t<div class=\"elementor-column elementor-col-50 elementor-top-column elementor-element elementor-element-09ea6c7\" data-id=\"09ea6c7\" data-element_type=\"column\" data-e-type=\"column\">\n\t\t\t<div class=\"elementor-widget-wrap elementor-element-populated\">\n\t\t\t\t\t\t<div class=\"elementor-element elementor-element-14bbf1a elementor-widget elementor-widget-image\" data-id=\"14bbf1a\" data-element_type=\"widget\" data-e-type=\"widget\" data-widget_type=\"image.default\">\n\t\t\t\t<div class=\"elementor-widget-container\">\n\t\t\t\t\t\t\t\t\t\t\t\t\t\t\t<img fetchpriority=\"high\" decoding=\"async\" width=\"800\" height=\"637\" src=\"https:\/\/ezzy.io\/wp-content\/uploads\/2025\/01\/ezzy-Tools-Dark-Mode-1024x815.jpg\" class=\"attachment-large size-large wp-image-51448\" alt=\"\" srcset=\"https:\/\/ezzy.io\/wp-content\/uploads\/2025\/01\/ezzy-Tools-Dark-Mode-1024x815.jpg 1024w, https:\/\/ezzy.io\/wp-content\/uploads\/2025\/01\/ezzy-Tools-Dark-Mode-300x239.jpg 300w, https:\/\/ezzy.io\/wp-content\/uploads\/2025\/01\/ezzy-Tools-Dark-Mode-768x611.jpg 768w, https:\/\/ezzy.io\/wp-content\/uploads\/2025\/01\/ezzy-Tools-Dark-Mode-1536x1222.jpg 1536w, https:\/\/ezzy.io\/wp-content\/uploads\/2025\/01\/ezzy-Tools-Dark-Mode.jpg 2025w\" sizes=\"(max-width: 800px) 100vw, 800px\" \/>\t\t\t\t\t\t\t\t\t\t\t\t\t\t\t<\/div>\n\t\t\t\t<\/div>\n\t\t\t\t\t<\/div>\n\t\t<\/div>\n\t\t\t\t\t<\/div>\n\t\t<\/section>\n\t\t\t\t<\/div>\n\t\t","protected":false},"excerpt":{"rendered":"<p>Imprint ezzy AG Landstrasse 39 9490 Vaduz F\u00fcrstentum Liechtenstein H: www.ezzy.io Liechtenstein Commercial Register Registration number: FL-0002.600.541\u20137 E-Mail-Adress: support@ezzy.io Word and figurative mark: https:\/\/euipo.europa.eu\/eSearch\/#details\/trademarks\/019131904<\/p>\n","protected":false},"author":3,"featured_media":0,"parent":0,"menu_order":0,"comment_status":"closed","ping_status":"closed","template":"elementor_header_footer","meta":{"_monsterinsights_skip_tracking":false,"_monsterinsights_sitenote_active":false,"_monsterinsights_sitenote_note":"","_monsterinsights_sitenote_category":0,"footnotes":""},"categories":[],"tags":[],"class_list":["post-56127","page","type-page","status-publish","hentry"],"yoast_head":"<!-- This site is optimized with the Yoast SEO Premium plugin v27.4 (Yoast SEO v27.4) - https:\/\/yoast.com\/product\/yoast-seo-premium-wordpress\/ -->\n<title>Imprint - ezzy<\/title>\n<meta name=\"description\" content=\"Find out more about ezzy AG - imprint, website and contact details. Now on ezzy.io, we look forward to seeing you!\" \/>\n<meta name=\"robots\" content=\"index, follow, max-snippet:-1, max-image-preview:large, max-video-preview:-1\" \/>\n<link rel=\"canonical\" href=\"https:\/\/ezzy.io\/impressum\/\" \/>\n<meta property=\"og:locale\" content=\"en_US\" \/>\n<meta property=\"og:type\" content=\"article\" \/>\n<meta property=\"og:title\" content=\"Imprint\" \/>\n<meta property=\"og:description\" content=\"Find out more about ezzy AG - imprint, website and contact details. Now on ezzy.io, we look forward to seeing you!\" \/>\n<meta property=\"og:url\" content=\"https:\/\/ezzy.io\/impressum\/\" \/>\n<meta property=\"og:site_name\" content=\"ezzy\" \/>\n<meta property=\"article:publisher\" content=\"https:\/\/www.facebook.com\/profile.php?id=61575988409737\" \/>\n<meta property=\"article:modified_time\" content=\"2025-12-08T12:50:13+00:00\" \/>\n<meta property=\"og:image\" content=\"https:\/\/ezzy.io\/wp-content\/uploads\/2025\/01\/ezzy-Tools-Dark-Mode.jpg\" \/>\n\t<meta property=\"og:image:width\" content=\"2025\" \/>\n\t<meta property=\"og:image:height\" content=\"1611\" \/>\n\t<meta property=\"og:image:type\" content=\"image\/jpeg\" \/>\n<meta name=\"twitter:card\" content=\"summary_large_image\" \/>\n<meta name=\"twitter:site\" content=\"@ezzy_io\" \/>\n<script type=\"application\/ld+json\" class=\"yoast-schema-graph\">{\"@context\":\"https:\\\/\\\/schema.org\",\"@graph\":[{\"@type\":\"WebPage\",\"@id\":\"https:\\\/\\\/ezzy.io\\\/impressum\\\/\",\"url\":\"https:\\\/\\\/ezzy.io\\\/impressum\\\/\",\"name\":\"Imprint - ezzy\",\"isPartOf\":{\"@id\":\"https:\\\/\\\/ezzy.io\\\/#website\"},\"primaryImageOfPage\":{\"@id\":\"https:\\\/\\\/ezzy.io\\\/impressum\\\/#primaryimage\"},\"image\":{\"@id\":\"https:\\\/\\\/ezzy.io\\\/impressum\\\/#primaryimage\"},\"thumbnailUrl\":\"https:\\\/\\\/ezzy.io\\\/wp-content\\\/uploads\\\/2025\\\/01\\\/ezzy-Tools-Dark-Mode-1024x815.jpg\",\"datePublished\":\"2025-12-08T12:50:12+00:00\",\"dateModified\":\"2025-12-08T12:50:13+00:00\",\"description\":\"Find out more about ezzy AG - imprint, website and contact details. Now on ezzy.io, we look forward to seeing you!\",\"breadcrumb\":{\"@id\":\"https:\\\/\\\/ezzy.io\\\/impressum\\\/#breadcrumb\"},\"inLanguage\":\"en-US\",\"potentialAction\":[{\"@type\":\"ReadAction\",\"target\":[\"https:\\\/\\\/ezzy.io\\\/impressum\\\/\"]}]},{\"@type\":\"ImageObject\",\"inLanguage\":\"en-US\",\"@id\":\"https:\\\/\\\/ezzy.io\\\/impressum\\\/#primaryimage\",\"url\":\"https:\\\/\\\/ezzy.io\\\/wp-content\\\/uploads\\\/2025\\\/01\\\/ezzy-Tools-Dark-Mode-1024x815.jpg\",\"contentUrl\":\"https:\\\/\\\/ezzy.io\\\/wp-content\\\/uploads\\\/2025\\\/01\\\/ezzy-Tools-Dark-Mode-1024x815.jpg\"},{\"@type\":\"BreadcrumbList\",\"@id\":\"https:\\\/\\\/ezzy.io\\\/impressum\\\/#breadcrumb\",\"itemListElement\":[{\"@type\":\"ListItem\",\"position\":1,\"name\":\"ezzy\",\"item\":\"https:\\\/\\\/ezzy.io\\\/\"},{\"@type\":\"ListItem\",\"position\":2,\"name\":\"Imprint\"}]},{\"@type\":\"WebSite\",\"@id\":\"https:\\\/\\\/ezzy.io\\\/#website\",\"url\":\"https:\\\/\\\/ezzy.io\\\/\",\"name\":\"ezzy.io\",\"description\":\"B\u00f6rseneinkommen leicht gemacht!\",\"publisher\":{\"@id\":\"https:\\\/\\\/ezzy.io\\\/#organization\"},\"potentialAction\":[{\"@type\":\"SearchAction\",\"target\":{\"@type\":\"EntryPoint\",\"urlTemplate\":\"https:\\\/\\\/ezzy.io\\\/?s={search_term_string}\"},\"query-input\":{\"@type\":\"PropertyValueSpecification\",\"valueRequired\":true,\"valueName\":\"search_term_string\"}}],\"inLanguage\":\"en-US\"},{\"@type\":\"Organization\",\"@id\":\"https:\\\/\\\/ezzy.io\\\/#organization\",\"name\":\"ezzy AG\",\"alternateName\":\"ezzy AG\",\"url\":\"https:\\\/\\\/ezzy.io\\\/\",\"logo\":{\"@type\":\"ImageObject\",\"inLanguage\":\"en-US\",\"@id\":\"https:\\\/\\\/ezzy.io\\\/#\\\/schema\\\/logo\\\/image\\\/\",\"url\":\"https:\\\/\\\/ezzy.io\\\/wp-content\\\/uploads\\\/2022\\\/12\\\/cropped-ezzy-Logo.png\",\"contentUrl\":\"https:\\\/\\\/ezzy.io\\\/wp-content\\\/uploads\\\/2022\\\/12\\\/cropped-ezzy-Logo.png\",\"width\":1726,\"height\":638,\"caption\":\"ezzy AG\"},\"image\":{\"@id\":\"https:\\\/\\\/ezzy.io\\\/#\\\/schema\\\/logo\\\/image\\\/\"},\"sameAs\":[\"https:\\\/\\\/www.facebook.com\\\/profile.php?id=61575988409737\",\"https:\\\/\\\/x.com\\\/ezzy_io\",\"https:\\\/\\\/www.youtube.com\\\/@ezzy-io\"],\"description\":\"ezzy.io ist eine spezialisierte Plattform, die sich darauf fokussiert, B\u00f6rseneinkommen f\u00fcr Privatanleger und Optionen-H\u00e4ndler einfach, transparent und schnell zug\u00e4nglich zu machen. ezzy.io macht B\u00f6rseneinkommen leicht verst\u00e4ndlich und sofort umsetzbar. Mit ezzy ist jetzt m\u00f6glich innerhalb von Sekunden, die passenden Aktien und Optionen f\u00fcr den pers\u00f6nlichen Cashflow zu finden \u2013 f\u00fcr Einsteiger bis zu erfahrenen H\u00e4ndlern.\"}]}<\/script>\n<!-- \/ Yoast SEO Premium plugin. -->","yoast_head_json":{"title":"Imprint - ezzy","description":"Find out more about ezzy AG - imprint, website and contact details. Now on ezzy.io, we look forward to seeing you!","robots":{"index":"index","follow":"follow","max-snippet":"max-snippet:-1","max-image-preview":"max-image-preview:large","max-video-preview":"max-video-preview:-1"},"canonical":"https:\/\/ezzy.io\/impressum\/","og_locale":"en_US","og_type":"article","og_title":"Imprint","og_description":"Find out more about ezzy AG - imprint, website and contact details. Now on ezzy.io, we look forward to seeing you!","og_url":"https:\/\/ezzy.io\/impressum\/","og_site_name":"ezzy","article_publisher":"https:\/\/www.facebook.com\/profile.php?id=61575988409737","article_modified_time":"2025-12-08T12:50:13+00:00","og_image":[{"width":2025,"height":1611,"url":"https:\/\/ezzy.io\/wp-content\/uploads\/2025\/01\/ezzy-Tools-Dark-Mode.jpg","type":"image\/jpeg"}],"twitter_card":"summary_large_image","twitter_site":"@ezzy_io","schema":{"@context":"https:\/\/schema.org","@graph":[{"@type":"WebPage","@id":"https:\/\/ezzy.io\/impressum\/","url":"https:\/\/ezzy.io\/impressum\/","name":"Imprint - ezzy","isPartOf":{"@id":"https:\/\/ezzy.io\/#website"},"primaryImageOfPage":{"@id":"https:\/\/ezzy.io\/impressum\/#primaryimage"},"image":{"@id":"https:\/\/ezzy.io\/impressum\/#primaryimage"},"thumbnailUrl":"https:\/\/ezzy.io\/wp-content\/uploads\/2025\/01\/ezzy-Tools-Dark-Mode-1024x815.jpg","datePublished":"2025-12-08T12:50:12+00:00","dateModified":"2025-12-08T12:50:13+00:00","description":"Find out more about ezzy AG - imprint, website and contact details. Now on ezzy.io, we look forward to seeing you!","breadcrumb":{"@id":"https:\/\/ezzy.io\/impressum\/#breadcrumb"},"inLanguage":"en-US","potentialAction":[{"@type":"ReadAction","target":["https:\/\/ezzy.io\/impressum\/"]}]},{"@type":"ImageObject","inLanguage":"en-US","@id":"https:\/\/ezzy.io\/impressum\/#primaryimage","url":"https:\/\/ezzy.io\/wp-content\/uploads\/2025\/01\/ezzy-Tools-Dark-Mode-1024x815.jpg","contentUrl":"https:\/\/ezzy.io\/wp-content\/uploads\/2025\/01\/ezzy-Tools-Dark-Mode-1024x815.jpg"},{"@type":"BreadcrumbList","@id":"https:\/\/ezzy.io\/impressum\/#breadcrumb","itemListElement":[{"@type":"ListItem","position":1,"name":"ezzy","item":"https:\/\/ezzy.io\/"},{"@type":"ListItem","position":2,"name":"Imprint"}]},{"@type":"WebSite","@id":"https:\/\/ezzy.io\/#website","url":"https:\/\/ezzy.io\/","name":"ezzy.io","description":"B\u00f6rseneinkommen leicht gemacht!","publisher":{"@id":"https:\/\/ezzy.io\/#organization"},"potentialAction":[{"@type":"SearchAction","target":{"@type":"EntryPoint","urlTemplate":"https:\/\/ezzy.io\/?s={search_term_string}"},"query-input":{"@type":"PropertyValueSpecification","valueRequired":true,"valueName":"search_term_string"}}],"inLanguage":"en-US"},{"@type":"Organization","@id":"https:\/\/ezzy.io\/#organization","name":"ezzy AG","alternateName":"ezzy AG","url":"https:\/\/ezzy.io\/","logo":{"@type":"ImageObject","inLanguage":"en-US","@id":"https:\/\/ezzy.io\/#\/schema\/logo\/image\/","url":"https:\/\/ezzy.io\/wp-content\/uploads\/2022\/12\/cropped-ezzy-Logo.png","contentUrl":"https:\/\/ezzy.io\/wp-content\/uploads\/2022\/12\/cropped-ezzy-Logo.png","width":1726,"height":638,"caption":"ezzy AG"},"image":{"@id":"https:\/\/ezzy.io\/#\/schema\/logo\/image\/"},"sameAs":["https:\/\/www.facebook.com\/profile.php?id=61575988409737","https:\/\/x.com\/ezzy_io","https:\/\/www.youtube.com\/@ezzy-io"],"description":"ezzy.io ist eine spezialisierte Plattform, die sich darauf fokussiert, B\u00f6rseneinkommen f\u00fcr Privatanleger und Optionen-H\u00e4ndler einfach, transparent und schnell zug\u00e4nglich zu machen. ezzy.io macht B\u00f6rseneinkommen leicht verst\u00e4ndlich und sofort umsetzbar. Mit ezzy ist jetzt m\u00f6glich innerhalb von Sekunden, die passenden Aktien und Optionen f\u00fcr den pers\u00f6nlichen Cashflow zu finden \u2013 f\u00fcr Einsteiger bis zu erfahrenen H\u00e4ndlern."}]}},"_links":{"self":[{"href":"https:\/\/ezzy.io\/en\/wp-json\/wp\/v2\/pages\/56127","targetHints":{"allow":["GET"]}}],"collection":[{"href":"https:\/\/ezzy.io\/en\/wp-json\/wp\/v2\/pages"}],"about":[{"href":"https:\/\/ezzy.io\/en\/wp-json\/wp\/v2\/types\/page"}],"author":[{"embeddable":true,"href":"https:\/\/ezzy.io\/en\/wp-json\/wp\/v2\/users\/3"}],"replies":[{"embeddable":true,"href":"https:\/\/ezzy.io\/en\/wp-json\/wp\/v2\/comments?post=56127"}],"version-history":[{"count":1,"href":"https:\/\/ezzy.io\/en\/wp-json\/wp\/v2\/pages\/56127\/revisions"}],"predecessor-version":[{"id":56130,"href":"https:\/\/ezzy.io\/en\/wp-json\/wp\/v2\/pages\/56127\/revisions\/56130"}],"wp:attachment":[{"href":"https:\/\/ezzy.io\/en\/wp-json\/wp\/v2\/media?parent=56127"}],"wp:term":[{"taxonomy":"category","embeddable":true,"href":"https:\/\/ezzy.io\/en\/wp-json\/wp\/v2\/categories?post=56127"},{"taxonomy":"post_tag","embeddable":true,"href":"https:\/\/ezzy.io\/en\/wp-json\/wp\/v2\/tags?post=56127"}],"curies":[{"name":"wp","href":"https:\/\/api.w.org\/{rel}","templated":true}]}}